{"id":1777,"date":"2013-10-20T13:42:18","date_gmt":"2013-10-20T13:42:18","guid":{"rendered":"http:\/\/themeforest.unitedthemes.com\/wpversions\/brooklyn\/business\/?page_id=1777"},"modified":"2025-04-01T16:23:04","modified_gmt":"2025-04-01T16:23:04","slug":"quem-somos","status":"publish","type":"page","link":"http:\/\/jpscontabilidade.pt\/index.php\/quem-somos\/","title":{"rendered":"QUEM SOMOS"},"content":{"rendered":"<div id=\"secao1\">\n<p align=\"JUSTIFY\">Somos uma Empresa com Hist\u00f3ria! Uma empresa com capacidade de inovar e evoluir acompanhando as mais recentes tecnologias, conquistando os nossos clientes com transpar\u00eancia, rigor e sigilo profissional, fortalecendo assim rela\u00e7\u00f5es de confian\u00e7a.<\/p>\n<p align=\"JUSTIFY\">Com <b>t\u00e9cnicos especializados<\/b> para cada \u00e0rea, estamos preparados para o atendimento de micro, pequenas e m\u00e9dias empresas, oferecendo sempre <b>solu\u00e7\u00f5es inteligentes<\/b> e adaptadas \u00e0s necessidades de cada cliente. Todas as informa\u00e7\u00f5es, tribut\u00e1ria e contributivas \u00e0 dist\u00e2ncia de um click! A eficaz utiliza\u00e7\u00e3o dos meios que dispomos, nomeadamente o acesso direto ao portal das finan\u00e7as e seguran\u00e7a social (entre outros), permite-nos fornecer num curto espa\u00e7o de tempo toda e qualquer informa\u00e7\u00e3o de que necessite para fazer <b>avan\u00e7ar o seu neg\u00f3cio<\/b>.<\/p>\n<p align=\"JUSTIFY\">\u00c9 esta experi\u00eancia, aliada \u00e0s novas tecnologias e \u00e0 capacidade de desenvolver <b>parcerias<\/b> e\/ou criar <b>sinergias<\/b> com profissionais de \u00e1reas distintas, que nos destaca e permite que a a\u00e7\u00e3o conjunta resulte no <b>sucesso<\/b> da sua empresa.<\/p>\n<p align=\"JUSTIFY\"><div id=\"ut_cc_outer_69f1ca05cd09e\" class=\"wpb_content_element \"><div class=\"ut-brands  clearfix\"> <div class=\"grid-20 tablet-grid-20 mobile-grid-50 \"><a target=\"_blank\" href=\"http:\/\/www.occ.pt\" ><img decoding=\"async\" alt=\"Ordem dos Contabilistas Certificados\" src=\"http:\/\/jpscontabilidade.pt\/wp-content\/uploads\/2013\/10\/occ.png\"><\/a><\/div> <div class=\"grid-20 tablet-grid-20 mobile-grid-50 \"><a target=\"_blank\" href=\"http:\/\/www.apeca.pt\" ><img decoding=\"async\" alt=\"Apeca\" src=\"http:\/\/jpscontabilidade.pt\/wp-content\/uploads\/2013\/10\/apeca.png\"><\/a><\/div> <div class=\"grid-20 tablet-grid-20 mobile-grid-50 \"><a target=\"_blank\" href=\"https:\/\/pontualsolutions.com\/\" ><img decoding=\"async\" alt=\"Pontual\" src=\"http:\/\/jpscontabilidade.pt\/wp-content\/uploads\/2025\/04\/pontual.png\"><\/a><\/div> <div class=\"grid-20 tablet-grid-20 mobile-grid-50 \"><a target=\"_blank\" href=\"http:\/\/pt.primaverabss.com\/pt\/\" ><img decoding=\"async\" alt=\"Primavera Software\" src=\"http:\/\/jpscontabilidade.pt\/wp-content\/uploads\/2013\/10\/primavera.png\"><\/a><\/div> <div class=\"grid-20 tablet-grid-20 mobile-grid-50 \"><a target=\"_blank\" href=\"http:\/\/www.tecniware.pt\" ><img decoding=\"async\" alt=\"Tecniware\" src=\"http:\/\/jpscontabilidade.pt\/wp-content\/uploads\/2025\/04\/tecniware.png\"><\/a><\/div><\/div><\/div>\n<\/div>\n","protected":false},"excerpt":{"rendered":"<p>Somos uma Empresa com Hist\u00f3ria! Uma empresa com capacidade de inovar e evoluir acompanhando as mais recentes tecnologias, conquistando os nossos clientes com transpar\u00eancia, rigor e sigilo profissional, fortalecendo assim rela\u00e7\u00f5es de confian\u00e7a. Com t\u00e9cnicos especializados para cada \u00e0rea, estamos preparados para o atendimento de micro, pequenas e m\u00e9dias empresas, oferecendo sempre solu\u00e7\u00f5es inteligentes e [&hellip;]<\/p>\n","protected":false},"author":1,"featured_media":0,"parent":0,"menu_order":0,"comment_status":"closed","ping_status":"closed","template":"","meta":{"footnotes":""},"class_list":["post-1777","page","type-page","status-publish","hentry"],"_links":{"self":[{"href":"http:\/\/jpscontabilidade.pt\/index.php\/wp-json\/wp\/v2\/pages\/1777","targetHints":{"allow":["GET"]}}],"collection":[{"href":"http:\/\/jpscontabilidade.pt\/index.php\/wp-json\/wp\/v2\/pages"}],"about":[{"href":"http:\/\/jpscontabilidade.pt\/index.php\/wp-json\/wp\/v2\/types\/page"}],"author":[{"embeddable":true,"href":"http:\/\/jpscontabilidade.pt\/index.php\/wp-json\/wp\/v2\/users\/1"}],"replies":[{"embeddable":true,"href":"http:\/\/jpscontabilidade.pt\/index.php\/wp-json\/wp\/v2\/comments?post=1777"}],"version-history":[{"count":24,"href":"http:\/\/jpscontabilidade.pt\/index.php\/wp-json\/wp\/v2\/pages\/1777\/revisions"}],"predecessor-version":[{"id":3811,"href":"http:\/\/jpscontabilidade.pt\/index.php\/wp-json\/wp\/v2\/pages\/1777\/revisions\/3811"}],"wp:attachment":[{"href":"http:\/\/jpscontabilidade.pt\/index.php\/wp-json\/wp\/v2\/media?parent=1777"}],"curies":[{"name":"wp","href":"https:\/\/api.w.org\/{rel}","templated":true}]}}